{"id":8,"date":"2015-09-10T10:03:04","date_gmt":"2015-09-10T08:03:04","guid":{"rendered":"http:\/\/old.ok-vermietung.de\/?page_id=8"},"modified":"2020-10-21T15:31:57","modified_gmt":"2020-10-21T13:31:57","slug":"service","status":"publish","type":"page","link":"https:\/\/okvermietung.w3po.de\/en\/service\/","title":{"rendered":"Service"},"content":{"rendered":"\r\n<h2>Service<\/h2>\r\n\r\n\r\n\r\n<div class=\"wp-block-columns\">\r\n<div class=\"wp-block-column\" style=\"flex-basis:66.66%\">\r\n<p>Liebe G\u00e4ste,<\/p>\r\n\r\n\r\n\r\n<p>wir stellen Ihnen eine Auswahl der h\u00e4ufigsten Fragen zur Verf\u00fcgung und bitten Sie, bei etwaigen Unklarheiten <a href=\"https:\/\/www.ok-vermietung.de\/kontakt\/\">Kontakt<\/a> mit uns aufzunehmen!<\/p>\r\n<\/div>\r\n\r\n\r\n\r\n<div class=\"wp-block-column\" style=\"flex-basis:33.33%\">\r\n<figure class=\"wp-block-image size-large\"><img loading=\"lazy\" width=\"255\" height=\"170\" src=\"https:\/\/www.ok-vermietung.de\/wp-content\/uploads\/2015\/12\/Fotolia_25571448_XS.jpg\" alt=\"\" class=\"wp-image-1540\"\/><\/figure>\r\n<\/div>\r\n<\/div>\r\n\r\n\r\n\r\n<p><strong>Fragen zur Anreise<\/strong><\/p>\r\n\r\n\r\n\r\n<p><em>Wie bekomme ich einen F\u00e4hrplatz?<\/em><br>Sehen Sie hierzu: (<a href=\"http:\/\/www.faehre.de\" target=\"_blank\" rel=\"noreferrer noopener\">www.faehre.de<\/a>)<\/p>\r\n\r\n\r\n\r\n<p><em>Wie kann ich mit dem Auto anreisen?<\/em><br>Dageb\u00fcll: Von Hamburg aus die A7 bis Abfahrt \u201eFlensburg\/Harrislee\u201c, dann B199 \u00fcber Nieb\u00fcll nach Dageb\u00fcll-Mole (alternativ auch A23\/Heide\/Husum\/B5).<br>Schl\u00fcttsiel: A23 von Hamburg \u00fcber Heide, an Husum vorbei zur B7 hinter Bredstedt links ab, den Hinweisschildern folgend bis Schl\u00fcttsiel.<\/p>\r\n\r\n\r\n\r\n<p><em>Wie kann ich mit der Bahn anreisen?<\/em><br>Dageb\u00fcll: Mit der Bahn bis Nieb\u00fcll, mit der neg weiter nach Dageb\u00fcll-Mole (in der Saison auch Kurswagen direkt zur Mole). Auf der Insel direkt vom Hafen mit dem Linienbus in den Urlaubsort.<br>Schl\u00fcttsiel: Mit der Bahn bis Nieb\u00fcll und mit dem Bus weiter nach Schl\u00fcttsiel.<\/p>\r\n\r\n\r\n\r\n<p><em>Kann ich mein Haustier mitnehmen?<\/em><br>Sie k\u00f6nnen mit Ihren Haustieren (Hund, Katze etc.) anreisen. In 60% unserer Objekte sind Haustiere gerne willkommen!(Geb\u00fchr)<\/p>\r\n\r\n\r\n\r\n<p><em>Wann darf ich das gebuchte Objekt betreten?<\/em><br>Am Anreisetag kann die Ferienwohnung\/Ferienhaus fr\u00fchestens zwischen 16.00 und 18.00 Uhr bezogen werden. Andere Anreisezeiten bitten wir mit unserem B\u00fcro zu vereinbaren.<\/p>\r\n\r\n\r\n\r\n<p><em>Wo erhalte ich den Schl\u00fcssel zum gebuchten Objekt?<\/em><br>Die Schl\u00fcssel\u00fcbergabe erfolgt im B\u00fcro, K\u00f6nigstra\u00dfe 2 (1 Minute Fu\u00dfweg vom Hafen). Die Anreisezeit ist sp\u00e4testens 2 Tage vorher mitzuteilen.<\/p>\r\n\r\n\r\n\r\n<p><em>Wo erhalte ich mein aufgegebenes Gep\u00e4ck?<\/em><br>Ihr Gep\u00e4ck senden Sie bitte AUSSCHLIE\u00dfLICH an unsere B\u00fcroadresse (ok-Vermietung, K\u00f6nigstra\u00dfe 2, 259387 Wyk auf F\u00f6hr). Wir bitten Sie jedoch als Absender unbedingt den Namen des MIETERS anzugeben. Sollte Ihr Gep\u00e4ck vor Ihrem Anreisezeitpunkt ankommen, bringen wir es kostenlos in Ihr Objekt.<\/p>\r\n\r\n\r\n\r\n<p><strong>Fragen zur Abreise<\/strong><\/p>\r\n\r\n\r\n\r\n<p><em>Wann muss ich das gebuchte Objekt verlassen?<\/em><br>Am Abreisetag ist die Wohnung\/Haus bis sp\u00e4testens 10.00 Uhr freizugeben.<\/p>\r\n\r\n\r\n\r\n<p><em>Muss ich das gebuchte Objekt vor dem Verlassen komplett reinigen?<\/em><br>Bei Beendigung der Mietzeit sind das Mietobjekt und das dazugeh\u00f6rende Inventar in ordnungem\u00e4\u00dfen Zustand an den Vermieter oder dessen Beauftragten zu \u00fcbergeben. Bei au\u00dfergew\u00f6hnlicher Verschmutzung behalten wir uns eine nachtr\u00e4gliche Erh\u00f6hung der Endreinigungsgeb\u00fchr vor.<\/p>\r\n\r\n\r\n\r\n<p><strong>Fragen w\u00e4hrend Ihres Urlaubs<\/strong><\/p>\r\n\r\n\r\n\r\n<p><em>Was kann ich auf F\u00f6hr unternehmen?<\/em><br>Es gibt viele M\u00f6glichkeiten, sich hier die Zeit zu vertreiben. Zum Beispiel: Minigolfen, Segeln, Surfen, Tauchen, Katamaran, Drachensteigen, Beachvolleyball, Hallen- und Gel\u00e4ndereiten, Strandgymnastik, Buggy\/Kite-Surfen, Kino, Konzerte, aquaWYK-F\u00d6HR, etc.<br>F\u00fcr Familien mit Kindern gibt es Piratenfahrten, Indoor-Fun-Park, Gute-Nacht-Geschichten, kreatives Bastelstudio, Kinderwattwanderungen, Naturspielpl\u00e4tze und noch vieles mehr.<\/p>\r\n\r\n\r\n\r\n<p><em>Sind beim gebuchten Objekt ausreichende Einkaufsm\u00f6glichkeiten (z.B. t\u00e4glicher Bedarf) gegeben?<\/em><br>Die Infrastruktur der Insel ist hervorragend. In jedem Inseldorf finden Sie Gesch\u00e4fte und \u00c4hnliches. Wenn Sie sp\u00e4ter ankommen sollten, k\u00f6nnen wir einen kostenlosen Einkaufsservice anbieten! Die Busse auf der Insel fahren st\u00fcndlich in alle Richtungen. (<a href=\"http:\/\/www.faehre.de\" target=\"_blank\" rel=\"noreferrer noopener\">www.faehre.de<\/a>)<\/p>\r\n\r\n\r\n\r\n<p><em>An wen kann ich mich bei Problemen, Schwierigkeiten, Unklarheiten oder Notf\u00e4llen wenden?<\/em><br>Wir sind 24 Stunden f\u00fcr Sie erreichbar! Sie erreichen uns unter der B\u00fcronummer also auch au\u00dferhalb der Gesch\u00e4ftszeiten.<\/p>\r\n\r\n\r\n\r\n<p><em>Ich habe meine Medikamente\/meine Brille\/mein Ladeger\u00e4t etc. vergessen\u2026<\/em><br>Sollten Sie etwas vergessen haben, finden wir bestimmt eine L\u00f6sung. Auf der Insel gibt es Elektro-Gesch\u00e4fte, \u00c4rzte, Apotheken etc.<\/p>\r\n\r\n\r\n\r\n<p><em>Ist auf der Insel ausreichende Netzabdeckung (Mobilfunk, Internet, W-LAN) gegeben?<\/em><br>Ja, diesbez\u00fcglich entsprechen die technischen Gegebenheiten den heutigen Standards.<\/p>\r\n\r\n\r\n\r\n<p><strong>Fragen zum Wetter auf der Insel<\/strong><\/p>\r\n\r\n\r\n\r\n<p><em>Wie ist das Klima auf der Insel?<\/em><br>Generell ist das Inselklima immer milder und ruhiger als auf den anderen Inseln. F\u00f6hr ist eben auch f\u00fcr sein mildes Klima bekannt. Sie k\u00f6nnen uns aber gerne vor Ihrer Anreise kontaktieren oder unseren Aushang am B\u00fcro einsehen.<\/p>\r\n","protected":false},"excerpt":{"rendered":"<p>Service Liebe G\u00e4ste, wir stellen Ihnen eine Auswahl der h\u00e4ufigsten Fragen zur Verf\u00fcgung und bitten Sie, bei etwaigen Unklarheiten Kontakt mit uns aufzunehmen! Fragen zur Anreise Wie bekomme ich einen F\u00e4hrplatz?Sehen Sie hierzu: (www.faehre.de) Wie kann ich mit dem Auto anreisen?Dageb\u00fcll: Von Hamburg aus die A7 bis Abfahrt \u201eFlensburg\/Harrislee\u201c, dann B199 \u00fcber Nieb\u00fcll nach Dageb\u00fcll-Mole [&hellip;]<\/p>\n","protected":false},"author":1,"featured_media":0,"parent":0,"menu_order":10,"comment_status":"closed","ping_status":"closed","template":"","meta":[],"_links":{"self":[{"href":"https:\/\/okvermietung.w3po.de\/en\/wp-json\/wp\/v2\/pages\/8"}],"collection":[{"href":"https:\/\/okvermietung.w3po.de\/en\/wp-json\/wp\/v2\/pages"}],"about":[{"href":"https:\/\/okvermietung.w3po.de\/en\/wp-json\/wp\/v2\/types\/page"}],"author":[{"embeddable":true,"href":"https:\/\/okvermietung.w3po.de\/en\/wp-json\/wp\/v2\/users\/1"}],"replies":[{"embeddable":true,"href":"https:\/\/okvermietung.w3po.de\/en\/wp-json\/wp\/v2\/comments?post=8"}],"version-history":[{"count":23,"href":"https:\/\/okvermietung.w3po.de\/en\/wp-json\/wp\/v2\/pages\/8\/revisions"}],"predecessor-version":[{"id":1689,"href":"https:\/\/okvermietung.w3po.de\/en\/wp-json\/wp\/v2\/pages\/8\/revisions\/1689"}],"wp:attachment":[{"href":"https:\/\/okvermietung.w3po.de\/en\/wp-json\/wp\/v2\/media?parent=8"}],"curies":[{"name":"wp","href":"https:\/\/api.w.org\/{rel}","templated":true}]}}