{"id":208,"date":"2015-11-09T17:14:37","date_gmt":"2015-11-09T16:14:37","guid":{"rendered":"http:\/\/old.ok-vermietung.de\/?page_id=208"},"modified":"2020-10-21T15:40:32","modified_gmt":"2020-10-21T13:40:32","slug":"ueber-uns-2","status":"publish","type":"page","link":"https:\/\/okvermietung.w3po.de\/en\/ueber-uns-2\/","title":{"rendered":"About us"},"content":{"rendered":"\r\n<h2>\u00dcber uns<\/h2>\r\n\r\n\r\n<p><img loading=\"lazy\" class=\"alignleft size-full wp-image-1539\" src=\"https:\/\/www.ok-vermietung.de\/wp-content\/uploads\/2015\/12\/Fotolia_8658596_XS.jpg\" alt=\"Fotolia_8658596_XS\" width=\"255\" height=\"170\">OK-Vermietung F\u00f6hr ist Ihr Feriendienstleister auf der \u201eFriesischen Karibik\u201c an der Nordsee.<br>In Wyk und den anderen Inseld\u00f6rfern vermieten wir seit vielen Jahren erfolgreich Ferienh\u00e4user, -appartements und Unterk\u00fcnfte.<\/p>\r\n<p>Die beste Werbung sind zufriedene G\u00e4ste, die uns weiterempfehlen.<\/p>\r\n<p>Sie sind Eigent\u00fcmer und wollen ein Ferienhaus oder Zimmer an Urlauber vermieten? Dann profitieren Sie doch auch von diesen Empfehlungen und unserem guten Ruf. Wenden Sie sich einfach an uns.<\/p>\r\n<p>Wir vermitteln professionell Ihre Angebote und betreuen Ihr Haus oder Ihre Wohnung.<\/p>\r\n<p>Gleichzeitig sind wir mit unserem Full-Service der kompetente, freundliche und erfahrene Ansprechpartner f\u00fcr Sie und Ihre G\u00e4ste.<\/p>\r\n<p>Machen Sie mit OK-Vermietung mehr aus Ihrer Immobilie.<\/p>","protected":false},"excerpt":{"rendered":"<p>\u00dcber uns OK-Vermietung F\u00f6hr ist Ihr Feriendienstleister auf der \u201eFriesischen Karibik\u201c an der Nordsee.In Wyk und den anderen Inseld\u00f6rfern vermieten wir seit vielen Jahren erfolgreich Ferienh\u00e4user, -appartements und Unterk\u00fcnfte. Die beste Werbung sind zufriedene G\u00e4ste, die uns weiterempfehlen. Sie sind Eigent\u00fcmer und wollen ein Ferienhaus oder Zimmer an Urlauber vermieten? Dann profitieren Sie doch auch [&hellip;]<\/p>\n","protected":false},"author":1,"featured_media":0,"parent":0,"menu_order":40,"comment_status":"closed","ping_status":"closed","template":"","meta":[],"_links":{"self":[{"href":"https:\/\/okvermietung.w3po.de\/en\/wp-json\/wp\/v2\/pages\/208"}],"collection":[{"href":"https:\/\/okvermietung.w3po.de\/en\/wp-json\/wp\/v2\/pages"}],"about":[{"href":"https:\/\/okvermietung.w3po.de\/en\/wp-json\/wp\/v2\/types\/page"}],"author":[{"embeddable":true,"href":"https:\/\/okvermietung.w3po.de\/en\/wp-json\/wp\/v2\/users\/1"}],"replies":[{"embeddable":true,"href":"https:\/\/okvermietung.w3po.de\/en\/wp-json\/wp\/v2\/comments?post=208"}],"version-history":[{"count":9,"href":"https:\/\/okvermietung.w3po.de\/en\/wp-json\/wp\/v2\/pages\/208\/revisions"}],"predecessor-version":[{"id":1692,"href":"https:\/\/okvermietung.w3po.de\/en\/wp-json\/wp\/v2\/pages\/208\/revisions\/1692"}],"wp:attachment":[{"href":"https:\/\/okvermietung.w3po.de\/en\/wp-json\/wp\/v2\/media?parent=208"}],"curies":[{"name":"wp","href":"https:\/\/api.w.org\/{rel}","templated":true}]}}