{"id":17,"date":"2015-09-10T10:05:37","date_gmt":"2015-09-10T08:05:37","guid":{"rendered":"http:\/\/old.ok-vermietung.de\/?page_id=17"},"modified":"2020-10-21T15:16:03","modified_gmt":"2020-10-21T13:16:03","slug":"startseite","status":"publish","type":"page","link":"https:\/\/okvermietung.w3po.de\/en\/","title":{"rendered":"Noch wundervoller als die Vorstellung ist das Erlebnis."},"content":{"rendered":"<div class=\"wp-block-impuls-additional-blocks-section is-style-yellow-background input_field alignfull has-no-text-color has-yellow-background-color has-background-color has-no-background-image\"><div class=\"wrapper\">\r\n<p>&nbsp;<\/p>\r\n<label id=\"mobil_show_button\" for=\"show_search\">Search<\/label><input type=\"checkbox\" id=\"show_search\" name=\"show_search\" value=\"show_search\"><form id=\"search_for_objects\" name=\"search_for_objects\" method=\"POST\" action=\"https:\/\/okvermietung.w3po.de\/en\/objektsuche\/\"><span class=\"smallsearch\"><label for=\"res32_objekt_api_date_anreise\">Date of arrival: <\/label><span class=\"date_box\"><input type=\"hidden\" id=\"reservefeld_anreise\" name=\"reservefeld_anreise\" value=\"\" placeholder=\"Date of arrival\" \/><input type=\"date\" id=\"res32_objekt_api_date_anreise\" class=\"booking datumsfeld\" data-dp-val=\"\" value=\"\" name=\"res32_objekt_api[date_anreise]\" \/><\/span><\/span><span class=\"smallsearch\"><label for=\"res32_objekt_api_date_abreise\">Date of departure: <\/label><span class=\"date_box\"><input type=\"hidden\" id=\"reservefeld_abreise\" name=\"reservefeld_abreise\" value=\"\" \/><input type=\"date\" id=\"res32_objekt_api_date_abreise\" class=\"booking datumsfeld\" data-dp-val=\"\" value=\"\" name=\"res32_objekt_api[date_abreise]\" \/><\/span><\/span><span class=\"smallsearch\"><label for=\"feat[min][personsmaxadults]\">Adults: <\/label><span class=\"styleselect\"><select class=\"selectbox\" id=\"feat[min][personsmaxadults]\" name=\"feat[min][personsmaxadults]\"><option value=\"\">Number of adults<\/option><option value=\"1\">1<\/option><option value=\"2\">2<\/option><option value=\"3\">3<\/option><option value=\"4\">4<\/option><option value=\"5\">5<\/option><option value=\"6\">6<\/option><option value=\"7\">7<\/option><option value=\"8\">8<\/option><option value=\"9\">9<\/option><option value=\"10\">10<\/option><option value=\"11\">11<\/option><option value=\"12\">12<\/option><option value=\"13\">13<\/option><option value=\"14\">14<\/option><option value=\"15\">15<\/option><option value=\"16\">16<\/option><option value=\"17\">17<\/option><option value=\"18\">18<\/option><option value=\"19\">19<\/option><option value=\"20\">20<\/option><\/select><\/span><\/span><span class=\"smallsearch\"><label for=\"feat[min][roomsrooms]\">Rooms: <\/label><span class=\"styleselect\"><select class=\"selectbox\" id=\"feat[min][roomsrooms]\" name=\"feat[min][roomsrooms]\"><option value=\"\">Number of rooms<\/option><option value=\"1\">1<\/option><option value=\"2\">2<\/option><option value=\"3\">3<\/option><option value=\"4\">4<\/option><option value=\"5\">5<\/option><option value=\"6\">6<\/option><option value=\"7\">7<\/option><option value=\"8\">8<\/option><option value=\"9\">9<\/option><option value=\"10\">10<\/option><\/select><\/span><\/span><span class=\"smallsearch\"><label for=\"feat[normal][kindid]\">Accommodation: <\/label><span class=\"styleselect\"><select class=\"selectbox\" id=\"feat[normal][kindid]\" name=\"feat[normal][kindid]\"><option value=\"\">Accommodation<\/option><option value=\"12052\">Ferienhaus\/-hausteil<\/option><option value=\"10038\">Ferienwohnung<\/option><\/select><\/span><\/span><span class=\"smallsearch\"><label for=\"feat[normal][buildinglocationid]\">Location: <\/label><span class=\"styleselect\"><select class=\"selectbox\" id=\"feat[normal][buildinglocationid]\" name=\"feat[normal][buildinglocationid]\"><option value=\"\">Location<\/option><option  value=\"12010\">Alkersum<\/option><option  value=\"12002\">Borgsum<\/option><option  value=\"12014\">Nieblum<\/option><option  value=\"12012\">Oevenum<\/option><option  value=\"12007\">Oldsum<\/option><option  value=\"12003\">Utersum<\/option><option  value=\"12013\">Wrixum<\/option><option  value=\"12009\">Wyk<\/option><\/select><\/span><\/span><span class=\"smallsearch\"><label for=\"menu-object\">You know your object?<\/label><span class=\"styleselect\"><div class=\"dropdown\"><button  type=\"button\" onclick=\"myFunction()\" class=\"dropbtn\">You know your object?<\/button><div id=\"myDropdown\" class=\"dropdown-content\"><a href=\"https:\/\/okvermietung.w3po.de\/en\/objekt\/hues-steensiel-2-a\/\">102 \u2022 H\u00fcs Marschblick<\/a><a href=\"https:\/\/okvermietung.w3po.de\/en\/objekt\/hues-martens\/\">105 \u2022 H\u00fcs Martens<\/a><a href=\"https:\/\/okvermietung.w3po.de\/en\/objekt\/strandhotel-app-31\/\">107 \u2022 Strandhotel, App.31<\/a><a href=\"https:\/\/okvermietung.w3po.de\/en\/objekt\/wohnung-rugstieg\/\">108 \u2022 Wohnung Rugstieg<\/a><a href=\"https:\/\/okvermietung.w3po.de\/en\/objekt\/strandgut\/\">109 \u2022 Strandgut<\/a><a href=\"https:\/\/okvermietung.w3po.de\/en\/objekt\/haus-irma\/\">110 \u2022 Haus Irma<\/a><a href=\"https:\/\/okvermietung.w3po.de\/en\/objekt\/starklef-eck\/\">115 \u2022 Starklef Eck<\/a><a href=\"https:\/\/okvermietung.w3po.de\/en\/objekt\/ferienhaus-harmonie\/\">118 \u2022 Ferienhaus Harmonie<\/a><a href=\"https:\/\/okvermietung.w3po.de\/en\/objekt\/kaeptn-freund\/\">119 \u2022 K\u00e4ptn Freund<\/a><a href=\"https:\/\/okvermietung.w3po.de\/en\/objekt\/helle-strandwohnung\/\">120 \u2022 Helle Strandwohnung<\/a><a href=\"https:\/\/okvermietung.w3po.de\/en\/objekt\/wellenblick\/\">125 \u2022 Wellenblick<\/a><a href=\"https:\/\/okvermietung.w3po.de\/en\/objekt\/wellenblick-2\/\">126 \u2022 Wellenblick<\/a><a href=\"https:\/\/okvermietung.w3po.de\/en\/objekt\/wellenblick-4\/\">127 \u2022 Wellenblick<\/a><a href=\"https:\/\/okvermietung.w3po.de\/en\/objekt\/wellenblick-3\/\">128 \u2022 Wellenblick<\/a><a href=\"https:\/\/okvermietung.w3po.de\/en\/objekt\/kiebitz\/\">129 \u2022 Kiebitz<\/a><a href=\"https:\/\/okvermietung.w3po.de\/en\/objekt\/austernfischer\/\">130 \u2022 Austernfischer<\/a><a href=\"https:\/\/okvermietung.w3po.de\/en\/objekt\/silbermoewe\/\">131 \u2022 Silberm\u00f6we<\/a><a href=\"https:\/\/okvermietung.w3po.de\/en\/objekt\/haus-seeadler\/\">133 \u2022 Haus Seeadler<\/a><a href=\"https:\/\/okvermietung.w3po.de\/en\/objekt\/haus-kegelrobbe\/\">141 \u2022 Haus Kegelrobbe<\/a><a href=\"https:\/\/okvermietung.w3po.de\/en\/objekt\/haus-rungholt\/\">163 \u2022 Haus Rungholt<\/a><a href=\"https:\/\/okvermietung.w3po.de\/en\/objekt\/haus-am-suedstrand\/\">170 \u2022 Haus am S\u00fcdstrand<\/a><a href=\"https:\/\/okvermietung.w3po.de\/en\/objekt\/petrines-hues\/\">175 \u2022 Petrine`s H\u00fcs<\/a><a href=\"https:\/\/okvermietung.w3po.de\/en\/objekt\/deichblick\/\">176 \u2022 Deichblick<\/a><a href=\"https:\/\/okvermietung.w3po.de\/en\/objekt\/doens\/\">177 \u2022 D\u00f6ns<\/a><a href=\"https:\/\/okvermietung.w3po.de\/en\/objekt\/sperlingslust\/\">178 \u2022 Sperlingslust<\/a><a href=\"https:\/\/okvermietung.w3po.de\/en\/objekt\/meerblick\/\">199 \u2022 Meerblick<\/a><a href=\"https:\/\/okvermietung.w3po.de\/en\/objekt\/halligblick\/\">203 \u2022 Halligblick<\/a><a href=\"https:\/\/okvermietung.w3po.de\/en\/objekt\/ferienwohnung-an-der-alte-schmiede\/\">207 \u2022 Ferienwohnung an der alte Schmiede<\/a><a href=\"https:\/\/okvermietung.w3po.de\/en\/objekt\/haus-laura-ashley\/\">217 \u2022 Haus Laura Ashley<\/a><a href=\"https:\/\/okvermietung.w3po.de\/en\/objekt\/ueuelen-hues\/\">244 \u2022 \u00dc\u00fclen H\u00fcs<\/a><\/div><\/div> <\/span><\/span><span class=\"smallsearch\"><input type=\"hidden\" name=\"res32i_impuls_suchformular\" value=\"suche\" \/><label for=\"absender\">Find and book<\/label><input id=\"absender\" type=\"submit\" value=\"Find and book \u00bb \" \/><\/span><\/form>\n<\/div><\/div>\r\n\r\n<div class=\"wp-block-impuls-additional-blocks-section is-style-default alignfull has-no-text-color has-no-background-color has-no-background-image\"><div class=\"wrapper\">\r\n\r\n\r\n<div class=\"wp-block-columns\">\r\n<div class=\"wp-block-column\" style=\"flex-basis: 23%;\"><div class=\"openweather is-style-blue-background\"><div class=\"weather-inner\"><span class=\"wetterbild\"><i class=\"owf owf-801\"><\/i><\/span><span class=\"desc\">Ein paar Wolken<\/span><span class=\"temp\">6\u00b0 C<\/span><span class=\"wetter-wind\"><i class=\"owf owf-905\"><\/i> 6.51 km\/h<br \/>(26.04.2026 02:56:16)<\/span><\/div><\/div>\n<\/div>\r\n\r\n\r\n\r\n<div class=\"wp-block-column\" style=\"flex-basis: 77%;\">\r\n<h1>Noch wundervoller als die Vorstellung ist das Erlebnis<\/h1>\r\n\r\n\r\n\r\n<p>Langj\u00e4hrig und erfolgreich arbeitet unser erfahrenes und geschultes Team f\u00fcr den perfekten Urlaub unserer Ferieng\u00e4ste. Wir vermieten Ferienwohnungen und Ferienh\u00e4user oder Unterk\u00fcnfte im Urlaub, den Ferien und an Feiertagen an unsere G\u00e4ste aus aller Welt. Ob in Wyk oder einem der zahlreichen Inseld\u00f6rfer (Alkersum, Wrixum, Boldixum, Borgsum, Nieblum), bisher konnten wir f\u00fcr jeden Gast das ideal passende Angebot finden. Wir legen besonderen Wert auf pers\u00f6nliche Betreuung unserer G\u00e4ste auf der gr\u00fcnen Nordseeinsel F\u00f6hr und versuchen stets, Ferien von Anfang an zu garantieren! <a href=\"https:\/\/www.ok-vermietung.de\/ueber-uns-2\/\">weiterlesen\u2026<\/a><\/p>\r\n<\/div>\r\n<\/div>\r\n<\/div><\/div>\r\n\r\n<div class=\"wp-block-impuls-additional-blocks-section is-style-light-gray-background alignfull has-no-text-color has-no-background-color has-no-background-image\"><div class=\"wrapper\">\r\n\r\n\r\n<h3>Eine kleine Auswahl unserer Ferienh\u00e4user<\/h3>\r\n\r\n\r\n<div class=\"sixhouses\"><div class=\"sixhouse\"><a title=\"Petrine`s H\u00fcs\" href=\"https:\/\/okvermietung.w3po.de\/en\/objekt\/petrines-hues\/\"><div class=\"objpiccontainer\"><div class=\"objpic\" style=\"background-image:url(https:\/\/okvm.feder-software.de\/OKVM\/OBJ\/IMAGES\/175_Bild12_58dcca405843d.jpg);\"><\/div><\/div><span class=\"preisforhouse\"><span class=\"preisangabe\">from 95,-<\/span><span class=\"persforpreis\">per NB \/ 4 Pers.<\/span><\/span><\/a><\/div><div class=\"sixhouse\"><a title=\"H\u00fcs Marschblick\" href=\"https:\/\/okvermietung.w3po.de\/en\/objekt\/hues-steensiel-2-a\/\"><div class=\"objpiccontainer\"><div class=\"objpic\" style=\"background-image:url(https:\/\/okvm.feder-software.de\/OKVM\/OBJ\/IMAGES\/102_004JPG_552624265cc08.jpg);\"><\/div><\/div><span class=\"preisforhouse\"><span class=\"preisangabe\">from 95,-<\/span><span class=\"persforpreis\">per NB \/ 5 Pers.<\/span><\/span><\/a><\/div><div class=\"sixhouse\"><a title=\"K\u00e4ptn Freund\" href=\"https:\/\/okvermietung.w3po.de\/en\/objekt\/kaeptn-freund\/\"><div class=\"objpiccontainer\"><div class=\"objpic\" style=\"background-image:url(https:\/\/okvm.feder-software.de\/OKVM\/OBJ\/IMAGES\/119_1.jpg);\"><\/div><\/div><span class=\"preisforhouse\"><span class=\"preisangabe\">from 125,-<\/span><span class=\"persforpreis\">per NB \/ 4 Pers.<\/span><\/span><\/a><\/div><div class=\"sixhouse\"><a title=\"Halligblick\" href=\"https:\/\/okvermietung.w3po.de\/en\/objekt\/halligblick\/\"><div class=\"objpiccontainer\"><div class=\"objpic\" style=\"background-image:url(https:\/\/okvm.feder-software.de\/OKVM\/OBJ\/IMAGES\/203_01_IMG_0031_5967800bc4b43.jpg);\"><\/div><\/div><span class=\"preisforhouse\"><span class=\"preisangabe\">from 65,-<\/span><span class=\"persforpreis\">per NB \/ 4 Pers.<\/span><\/span><\/a><\/div><div class=\"sixhouse\"><a title=\"Strandhotel, App.31\" href=\"https:\/\/okvermietung.w3po.de\/en\/objekt\/strandhotel-app-31\/\"><div class=\"objpiccontainer\"><div class=\"objpic\" style=\"background-image:url(https:\/\/okvm.feder-software.de\/OKVM\/OBJ\/IMAGES\/107_107.JPG);\"><\/div><\/div><span class=\"preisforhouse\"><span class=\"preisangabe\">from 120,-<\/span><span class=\"persforpreis\">per NB \/ 4 Pers.<\/span><\/span><\/a><\/div><div class=\"sixhouse\"><a title=\"Deichblick\" href=\"https:\/\/okvermietung.w3po.de\/en\/objekt\/deichblick\/\"><div class=\"objpiccontainer\"><div class=\"objpic\" style=\"background-image:url(https:\/\/okvm.feder-software.de\/OKVM\/OBJ\/IMAGES\/176_ferien-unter-reet_57f8c746cfbc1.jpg);\"><\/div><\/div><span class=\"preisforhouse\"><span class=\"preisangabe\">from 40,-<\/span><span class=\"persforpreis\">per NB \/ 2 Pers.<\/span><\/span><\/a><\/div><\/div>\n\r\n\r\n\r\n<p>&nbsp;<\/p>\r\n<\/div><\/div>\r\n\r\n<div class=\"foehrkarte\"><div class=\"foehrkarte_box\"><img class=\"karte_foehr\" alt=\"Karte von F\u00f6hr\" src=\"http:\/\/okvermietung.w3po.de\/wp-content\/uploads\/2020\/10\/foehr-kart.png\" \/><\/div><div class=\"foehrkarte_box\"><div class=\"foehrkarte_content\"><h3>Wir vermieten an folgenden Standorten:<\/h3><ul><li><a class=\"borgsum\" href=\"https:\/\/okvermietung.w3po.de\/en\/ortskennung\/borgsum\/\" title=\"Borgsum\"><span class=\"schrift\">Borgsum<\/span><\/a><\/li><li><a class=\"utersum\" href=\"https:\/\/okvermietung.w3po.de\/en\/ortskennung\/utersum\/\" title=\"Utersum\"><span class=\"schrift\">Utersum<\/span><\/a><\/li><li><a class=\"oldsum\" href=\"https:\/\/okvermietung.w3po.de\/en\/ortskennung\/oldsum\/\" title=\"Oldsum\"><span class=\"schrift\">Oldsum<\/span><\/a><\/li><li><a class=\"wyk\" href=\"https:\/\/okvermietung.w3po.de\/en\/ortskennung\/wyk\/\" title=\"Wyk\"><span class=\"schrift\">Wyk<\/span><\/a><\/li><li><a class=\"alkersum\" href=\"https:\/\/okvermietung.w3po.de\/en\/ortskennung\/alkersum\/\" title=\"Alkersum\"><span class=\"schrift\">Alkersum<\/span><\/a><\/li><li><a class=\"oevenum\" href=\"https:\/\/okvermietung.w3po.de\/en\/ortskennung\/oevenum\/\" title=\"Oevenum\"><span class=\"schrift\">Oevenum<\/span><\/a><\/li><li><a class=\"wrixum\" href=\"https:\/\/okvermietung.w3po.de\/en\/ortskennung\/wrixum\/\" title=\"Wrixum\"><span class=\"schrift\">Wrixum<\/span><\/a><\/li><li><a class=\"nieblum\" href=\"https:\/\/okvermietung.w3po.de\/en\/ortskennung\/nieblum\/\" title=\"Nieblum\"><span class=\"schrift\">Nieblum<\/span><\/a><\/li><\/ul><\/div><\/div><\/div>\n\r\n\r\n<div class=\"wp-block-impuls-additional-blocks-section is-style-light-gray-background alignfull has-no-text-color has-no-background-color has-no-background-image\"><div class=\"wrapper\">\r\n\r\n\r\n<div class=\"wp-block-media-text alignwide is-stacked-on-mobile is-image-fill\">\r\n<figure class=\"wp-block-media-text__media\" style=\"background-image: url('https:\/\/www.ok-vermietung.de\/wp-content\/uploads\/2019\/12\/bruce-galpin-473580-unsplash.jpg'); background-position: 49.11504424778761% 36.11764346852022%;\"><img class=\"wp-image-1705\" src=\"https:\/\/www.ok-vermietung.de\/wp-content\/uploads\/2019\/12\/bruce-galpin-473580-unsplash.jpg\" alt=\"\" \/><\/figure>\r\n<div class=\"wp-block-media-text__content\">\r\n<h2>Auch mit Hund<\/h2>\r\n\r\n\r\n\r\n<p>Wir vermieten schon seit mehr als 14 Jahren erfolgreich private Ferienwohnungen und Ferienh\u00e4user \/ Ferienhausteile auf der Nordsee Insel F\u00f6hr.<\/p>\r\n\r\n\r\n\r\n<p>Wir sind stets bem\u00fcht, unseren G\u00e4sten auf F\u00f6hr \u201eFerien von Anfang an\u201c zu garantieren, auch mit Haustier! In \u00fcber 60% unserer Objekte kommt Ihr Hund oder Ihre Katze selbstverst\u00e4ndlich mit unter!<\/p>\r\n<\/div>\r\n<\/div>\r\n<\/div><\/div>\r\n\r\n<div data-lazysrc=\"https:\/\/www.ok-vermietung.de\/wp-content\/uploads\/2020\/07\/Schnellkontakt.png\" class=\"impuls-lle-lazy wp-block-impuls-additional-blocks-section is-style-yellow-background schnellkontaktform alignfull background-image-size-cover has-no-text-color has-no-background-color has-background-image\" style=\"background-image:url(https:\/\/okvermietung.w3po.de\/wp-content\/uploads\/2015\/12\/Fotolia_25571448_XS.jpg);\"><div class=\"wrapper\">\r\n\r\n\r\n<h2>Schnellkontakt<\/h2>\r\n\r\n\r\n<div role=\"form\" class=\"wpcf7\" id=\"wpcf7-f50-o1\" lang=\"de-DE\" dir=\"ltr\">\n<div class=\"screen-reader-response\" role=\"alert\" aria-live=\"polite\"><\/div>\n<form action=\"\/en\/wp-json\/wp\/v2\/pages\/17#wpcf7-f50-o1\" method=\"post\" class=\"wpcf7-form init\" novalidate=\"novalidate\">\n<div style=\"display: none;\">\n<input type=\"hidden\" name=\"_wpcf7\" value=\"50\" \/>\n<input type=\"hidden\" name=\"_wpcf7_version\" value=\"5.2.2\" \/>\n<input type=\"hidden\" name=\"_wpcf7_locale\" value=\"de_DE\" \/>\n<input type=\"hidden\" name=\"_wpcf7_unit_tag\" value=\"wpcf7-f50-o1\" \/>\n<input type=\"hidden\" name=\"_wpcf7_container_post\" value=\"0\" \/>\n<input type=\"hidden\" name=\"_wpcf7_posted_data_hash\" value=\"\" \/>\n<input type=\"hidden\" name=\"lang\" value=\"en\" \/>\n<\/div>\n<div class=\"wp-block-columns\">\n<div class=\"wp-block-column\">\n<div class=\"wp-block-columns\">\n<div class=\"wp-block-column\">\n<span class=\"wpcf7-form-control-wrap text-name\"><input type=\"text\" name=\"text-name\" value=\"\" size=\"40\" class=\"wpcf7-form-control wpcf7-text wpcf7-validates-as-required\" aria-required=\"true\" aria-invalid=\"false\" placeholder=\"Name *\" \/><\/span>\n<span class=\"wpcf7-form-control-wrap email-mail\"><input type=\"email\" name=\"email-mail\" value=\"\" size=\"40\" class=\"wpcf7-form-control wpcf7-text wpcf7-email wpcf7-validates-as-required wpcf7-validates-as-email\" aria-required=\"true\" aria-invalid=\"false\" placeholder=\"Email *\" \/><\/span>\n<\/div>\n<div class=\"wp-block-column\">\n<span class=\"wpcf7-form-control-wrap textarea-nachricht\"><textarea name=\"textarea-nachricht\" cols=\"40\" rows=\"10\" class=\"wpcf7-form-control wpcf7-textarea wpcf7-validates-as-required\" aria-required=\"true\" aria-invalid=\"false\" placeholder=\"Nachricht\"><\/textarea><\/span>\n<\/div>\n<\/div>\n<\/div>\n<div class=\"wp-block-column acceptance-block\">\n<span class=\"wpcf7-form-control-wrap acceptance-808\"><span class=\"wpcf7-form-control wpcf7-acceptance\"><span class=\"wpcf7-list-item\"><label><input type=\"checkbox\" name=\"acceptance-808\" value=\"1\" aria-invalid=\"false\" \/><span class=\"wpcf7-list-item-label\">Ich habe die <a target=\"_blank\" href=\"\/datenschutzerklaerung\">Datenschutzerkl\u00e4rung<\/a> gelesen und bin damit einverstanden.<\/span><\/label><\/span><\/span><\/span>\n<div class=\"wp-block-columns\">\n<div class=\"wp-block-column\">\n<span class=\"aroundcaptcha\"><span class=\"wpcf7-form-control-wrap cf7ic-827\"><span class=\"wpcf7-form-control wpcf7-cf7ic wpcf7-validates-as-required\" aria-required=\"true\" aria-invalid=\"false\" data-name=\"cf7ic-827\"><span class=\"captcha-image\" ><span class=\"choices\"><label><input type=\"radio\" name=\"kc_captcha\" value=\"bot\" \/><i class=\"icon-auto\"><\/i><\/label><label><input type=\"radio\" name=\"kc_captcha\" value=\"bot\" \/><i class=\"icon-blume\"><\/i><\/label><label><input type=\"radio\" name=\"kc_captcha\" value=\"bot\" \/><i class=\"icon-brille\"><\/i><\/label><label><input type=\"radio\" name=\"kc_captcha\" value=\"kc_human\" \/><i class=\"icon-note\"><\/i><\/label>\n    <\/span><\/span>\n    <span style=\"display:none\">\n        <input type=\"text\" name=\"kc_honeypot\">\n    <\/span><span class=\"cf7ic_instructions\">Bist du ein Mensch? Dann klicke auf die Note.<\/span><\/span><\/span><\/span>\n<\/div>\n<div class=\"wp-block-column submit-block\">\n<span class=\"submit-wrapper\">\n<input type=\"submit\" value=\"Senden\" class=\"wpcf7-form-control wpcf7-submit\" \/>\n<\/span>\n<\/div>\n<\/div>\n<\/div>\n<\/div><div class=\"wpcf7-response-output\" role=\"alert\" aria-hidden=\"true\"><\/div><\/form><\/div>\n<\/div><\/div>","protected":false},"excerpt":{"rendered":"","protected":false},"author":1,"featured_media":0,"parent":0,"menu_order":0,"comment_status":"closed","ping_status":"closed","template":"","meta":[],"_links":{"self":[{"href":"https:\/\/okvermietung.w3po.de\/en\/wp-json\/wp\/v2\/pages\/17"}],"collection":[{"href":"https:\/\/okvermietung.w3po.de\/en\/wp-json\/wp\/v2\/pages"}],"about":[{"href":"https:\/\/okvermietung.w3po.de\/en\/wp-json\/wp\/v2\/types\/page"}],"author":[{"embeddable":true,"href":"https:\/\/okvermietung.w3po.de\/en\/wp-json\/wp\/v2\/users\/1"}],"replies":[{"embeddable":true,"href":"https:\/\/okvermietung.w3po.de\/en\/wp-json\/wp\/v2\/comments?post=17"}],"version-history":[{"count":13,"href":"https:\/\/okvermietung.w3po.de\/en\/wp-json\/wp\/v2\/pages\/17\/revisions"}],"predecessor-version":[{"id":1688,"href":"https:\/\/okvermietung.w3po.de\/en\/wp-json\/wp\/v2\/pages\/17\/revisions\/1688"}],"wp:attachment":[{"href":"https:\/\/okvermietung.w3po.de\/en\/wp-json\/wp\/v2\/media?parent=17"}],"curies":[{"name":"wp","href":"https:\/\/api.w.org\/{rel}","templated":true}]}}