{"id":12,"date":"2015-09-10T10:03:26","date_gmt":"2015-09-10T08:03:26","guid":{"rendered":"http:\/\/old.ok-vermietung.de\/?page_id=12"},"modified":"2020-10-21T15:40:07","modified_gmt":"2020-10-21T13:40:07","slug":"foehr","status":"publish","type":"page","link":"https:\/\/okvermietung.w3po.de\/en\/foehr\/","title":{"rendered":"F\u00f6hr"},"content":{"rendered":"\r\n<h2>F\u00f6hr<\/h2>\r\n\r\n<p><img loading=\"lazy\" class=\"wp-image-1781 size-thumbnail alignleft\" src=\"https:\/\/www.ok-vermietung.de\/wp-content\/uploads\/2020\/10\/foehr-landschaft-01-255x170.jpg\" alt=\"F\u00f6hr\" width=\"255\" height=\"170\" \/>Wie reizvoll unsere gr\u00fcne Insel ist, wissen Sie vielleicht schon. Dann ist Ihnen auch bekannt, da\u00df das F\u00f6hrer Klima nicht nur heilkr\u00e4ftig, sondern auch zu jeder Jahreszeit immer ein wenig angenehmer und milder als auf den beiden vorgelagerten Inselschwestern und Halligen ist.<\/p>\r\n<p><img loading=\"lazy\" class=\"alignright size-full wp-image-1541\" src=\"https:\/\/www.ok-vermietung.de\/wp-content\/uploads\/2015\/12\/Fotolia_67973551_XS.jpg\" alt=\"Fotolia_67973551_XS\" width=\"255\" height=\"170\" \/>Die Nordsee ist f\u00fcr eine Reihe von Erkrankungen die beste Medizin. Bronchitis, Asthma, chronische Bewegungsleiden, verschiedene Allergien und Hautprobleme \u2013 wie u. a. Neurodermitis \u2013 erfahren Besserung durch den Salzgehalt und die UV-Strahlung. Die Kureinrichtungen, Kliniken und Praxen sind vorbildlich und modern.<\/p>\r\n<p>Unsere Insel liegt vor Wind und See gesch\u00fctzt und profitiert vom milden Golfstrom, so da\u00df selbst der Winter mildere Perioden zeigt. Die Vegetation der gr\u00fcnen Insel ist \u00fcppiger als auf anderen Nordseeinseln. F\u00f6hr ist eine flache Geest- und Marschinsel inmitten des Nationalparks Wattenmeer mit reizvoll wechselnden Landschaften.<\/p>\r\n<p><img loading=\"lazy\" class=\"alignleft size-thumbnail wp-image-299\" src=\"https:\/\/www.ok-vermietung.de\/wp-content\/uploads\/2015\/11\/img_9836-255x170.jpg\" alt=\"img_9836\" width=\"255\" height=\"170\" \/>Das entfernteste Dorf Dunsum liegt ca. 13 km westlich von Wyk. Alkersum, Boldixum, Borgsum, Dunsum, Midlum, Nieblum, Oevenum, Oldsum mit Klintum und Toftum, Witsum, Wrixum und Utersum mit Hedehusum: Alle D\u00f6rfer au\u00dfer Goting und S\u00fcderende enden auf -um, was auf gut friesisch \u201eHeim\u201c bedeutet. Und genau das wollen wir Ihnen im wohlverdienten Urlaub auf der kinderfreundlichen Insel bieten!<\/p>","protected":false},"excerpt":{"rendered":"<p>F\u00f6hr Wie reizvoll unsere gr\u00fcne Insel ist, wissen Sie vielleicht schon. Dann ist Ihnen auch bekannt, da\u00df das F\u00f6hrer Klima nicht nur heilkr\u00e4ftig, sondern auch zu jeder Jahreszeit immer ein wenig angenehmer und milder als auf den beiden vorgelagerten Inselschwestern und Halligen ist. Die Nordsee ist f\u00fcr eine Reihe von Erkrankungen die beste Medizin. Bronchitis, [&hellip;]<\/p>\n","protected":false},"author":1,"featured_media":0,"parent":0,"menu_order":30,"comment_status":"closed","ping_status":"closed","template":"","meta":[],"_links":{"self":[{"href":"https:\/\/okvermietung.w3po.de\/en\/wp-json\/wp\/v2\/pages\/12"}],"collection":[{"href":"https:\/\/okvermietung.w3po.de\/en\/wp-json\/wp\/v2\/pages"}],"about":[{"href":"https:\/\/okvermietung.w3po.de\/en\/wp-json\/wp\/v2\/types\/page"}],"author":[{"embeddable":true,"href":"https:\/\/okvermietung.w3po.de\/en\/wp-json\/wp\/v2\/users\/1"}],"replies":[{"embeddable":true,"href":"https:\/\/okvermietung.w3po.de\/en\/wp-json\/wp\/v2\/comments?post=12"}],"version-history":[{"count":17,"href":"https:\/\/okvermietung.w3po.de\/en\/wp-json\/wp\/v2\/pages\/12\/revisions"}],"predecessor-version":[{"id":1691,"href":"https:\/\/okvermietung.w3po.de\/en\/wp-json\/wp\/v2\/pages\/12\/revisions\/1691"}],"wp:attachment":[{"href":"https:\/\/okvermietung.w3po.de\/en\/wp-json\/wp\/v2\/media?parent=12"}],"curies":[{"name":"wp","href":"https:\/\/api.w.org\/{rel}","templated":true}]}}